{"id":21,"date":"2024-04-07T19:49:27","date_gmt":"2024-04-07T19:49:27","guid":{"rendered":"https:\/\/renoavero.com\/fr\/?page_id=21"},"modified":"2024-09-06T01:56:16","modified_gmt":"2024-09-06T01:56:16","slug":"contact","status":"publish","type":"page","link":"https:\/\/renoavero.com\/fr\/contact\/","title":{"rendered":"Contact"},"content":{"rendered":"\t\t<div data-elementor-type=\"wp-page\" data-elementor-id=\"21\" class=\"elementor elementor-21\">\n\t\t\t\t<div class=\"elementor-element elementor-element-be43970 e-flex e-con-boxed e-con e-parent\" data-id=\"be43970\" data-element_type=\"container\" data-settings=\"{&quot;background_background&quot;:&quot;classic&quot;}\" data-core-v316-plus=\"true\">\n\t\t\t\t\t<div class=\"e-con-inner\">\n\t\t<div class=\"elementor-element elementor-element-ba14f36 e-flex e-con-boxed e-con e-child\" data-id=\"ba14f36\" data-element_type=\"container\">\n\t\t\t\t\t<div class=\"e-con-inner\">\n\t\t\t\t<div class=\"elementor-element elementor-element-90ff72c elementor-widget elementor-widget-html\" data-id=\"90ff72c\" data-element_type=\"widget\" data-widget_type=\"html.default\">\n\t\t\t\t<div class=\"elementor-widget-container\">\n\t\t\t<iframe src=\"https:\/\/www.google.com\/maps\/embed?pb=!1m18!1m12!1m3!1d2803.398835964294!2d-73.5347749873914!3d45.3609462709518!2m3!1f0!2f0!3f0!3m2!1i1024!2i768!4f13.1!3m3!1m2!1s0x4cc90dac87eb0925%3A0xa2f64bd0008cdf37!2s139%20Rue%20Goodfellow%2C%20Delson%2C%20QC%20J5B%201V4!5e0!3m2!1sfr!2sca!4v1715973709186!5m2!1sfr!2sca\" width=\"600\" height=\"450\" style=\"border:0;\" allowfullscreen=\"\" loading=\"lazy\" referrerpolicy=\"no-referrer-when-downgrade\"><\/iframe>\t\t<\/div>\n\t\t\t\t<\/div>\n\t\t\t\t\t<\/div>\n\t\t\t\t<\/div>\n\t\t<div class=\"elementor-element elementor-element-81c2f7d e-flex e-con-boxed e-con e-child\" data-id=\"81c2f7d\" data-element_type=\"container\">\n\t\t\t\t\t<div class=\"e-con-inner\">\n\t\t\t\t<div class=\"elementor-element elementor-element-11540b3 elementor-widget elementor-widget-heading\" data-id=\"11540b3\" data-element_type=\"widget\" data-widget_type=\"heading.default\">\n\t\t\t\t<div class=\"elementor-widget-container\">\n\t\t\t<style>\/*! elementor - v3.20.0 - 26-03-2024 *\/\n.elementor-heading-title{padding:0;margin:0;line-height:1}.elementor-widget-heading .elementor-heading-title[class*=elementor-size-]>a{color:inherit;font-size:inherit;line-height:inherit}.elementor-widget-heading .elementor-heading-title.elementor-size-small{font-size:15px}.elementor-widget-heading .elementor-heading-title.elementor-size-medium{font-size:19px}.elementor-widget-heading .elementor-heading-title.elementor-size-large{font-size:29px}.elementor-widget-heading .elementor-heading-title.elementor-size-xl{font-size:39px}.elementor-widget-heading .elementor-heading-title.elementor-size-xxl{font-size:59px}<\/style><h2 class=\"elementor-heading-title elementor-size-default\">Contactez-nous<\/h2>\t\t<\/div>\n\t\t\t\t<\/div>\n\t\t\t\t<div class=\"elementor-element elementor-element-8ad5aff elementor-widget elementor-widget-text-editor\" data-id=\"8ad5aff\" data-element_type=\"widget\" data-widget_type=\"text-editor.default\">\n\t\t\t\t<div class=\"elementor-widget-container\">\n\t\t\t<style>\/*! elementor - v3.20.0 - 26-03-2024 *\/\n.elementor-widget-text-editor.elementor-drop-cap-view-stacked .elementor-drop-cap{background-color:#69727d;color:#fff}.elementor-widget-text-editor.elementor-drop-cap-view-framed .elementor-drop-cap{color:#69727d;border:3px solid;background-color:transparent}.elementor-widget-text-editor:not(.elementor-drop-cap-view-default) .elementor-drop-cap{margin-top:8px}.elementor-widget-text-editor:not(.elementor-drop-cap-view-default) .elementor-drop-cap-letter{width:1em;height:1em}.elementor-widget-text-editor .elementor-drop-cap{float:left;text-align:center;line-height:1;font-size:50px}.elementor-widget-text-editor .elementor-drop-cap-letter{display:inline-block}<\/style>\t\t\t\t<p>Pour une demande de prix ou pour toutes autres questions, contactez-nous !<\/p>\t\t\t\t\t\t<\/div>\n\t\t\t\t<\/div>\n\t\t\t\t<div class=\"elementor-element elementor-element-e11124a elementor-widget elementor-widget-text-editor\" data-id=\"e11124a\" data-element_type=\"widget\" data-widget_type=\"text-editor.default\">\n\t\t\t\t<div class=\"elementor-widget-container\">\n\t\t\t\t\t\t\t<div class=\"elementor-element elementor-element-03450c0 elementor-widget elementor-widget-text-editor\" data-id=\"03450c0\" data-element_type=\"widget\" data-widget_type=\"text-editor.default\"><div class=\"elementor-widget-container\"><strong>Adresse<\/strong><br \/>139 rue Goodfellow, Delson, J5B 1V4<br \/>450-638-8031<\/div><div>\u00a0<\/div><\/div><div class=\"elementor-element elementor-element-63e6349 elementor-widget elementor-widget-text-editor\" data-id=\"63e6349\" data-element_type=\"widget\" data-widget_type=\"text-editor.default\"><div class=\"elementor-widget-container\"><p><strong>Contacts<\/strong><br \/>Fran\u00e7ois Ayotte \u2013 Entrepreneur g\u00e9n\u00e9ral<br \/>info@renoavero.com<br \/>514-944-2347<\/p><p>Gabriel Robichaud \u2013 Ma\u00eetre \u00e9lectricien<br \/>averoelectrique@gmail.com<br \/>514-909-9278<\/p><\/div><\/div>\t\t\t\t\t\t<\/div>\n\t\t\t\t<\/div>\n\t\t\t\t\t<\/div>\n\t\t\t\t<\/div>\n\t\t\t\t\t<\/div>\n\t\t\t\t<\/div>\n\t\t<div class=\"elementor-element elementor-element-5999a8d e-flex e-con-boxed e-con e-parent\" data-id=\"5999a8d\" data-element_type=\"container\" data-core-v316-plus=\"true\">\n\t\t\t\t\t<div class=\"e-con-inner\">\n\t\t\t\t<div class=\"elementor-element elementor-element-933aedd elementor-widget elementor-widget-menu-anchor\" data-id=\"933aedd\" data-element_type=\"widget\" data-widget_type=\"menu-anchor.default\">\n\t\t\t\t<div class=\"elementor-widget-container\">\n\t\t\t<style>\/*! elementor - v3.20.0 - 26-03-2024 *\/\nbody.elementor-page .elementor-widget-menu-anchor{margin-bottom:0}<\/style>\t\t<div id=\"submission-all\" class=\"elementor-menu-anchor\"><\/div>\n\t\t\t\t<\/div>\n\t\t\t\t<\/div>\n\t\t\t\t<div class=\"elementor-element elementor-element-cf7dcc0 elementor-widget elementor-widget-heading\" data-id=\"cf7dcc0\" data-element_type=\"widget\" data-widget_type=\"heading.default\">\n\t\t\t\t<div class=\"elementor-widget-container\">\n\t\t\t<h2 class=\"elementor-heading-title elementor-size-default\">Demandez une soumission gratuite<\/h2>\t\t<\/div>\n\t\t\t\t<\/div>\n\t\t\t\t<div class=\"elementor-element elementor-element-72129e0 elementor-widget elementor-widget-text-editor\" data-id=\"72129e0\" data-element_type=\"widget\" data-widget_type=\"text-editor.default\">\n\t\t\t\t<div class=\"elementor-widget-container\">\n\t\t\t\t\t\t\t<p>D\u00e9crivez-nous votre projet!<\/p>\t\t\t\t\t\t<\/div>\n\t\t\t\t<\/div>\n\t\t\t\t<div class=\"elementor-element elementor-element-ec4cef6 elementor-widget elementor-widget-shortcode\" data-id=\"ec4cef6\" data-element_type=\"widget\" data-widget_type=\"shortcode.default\">\n\t\t\t\t<div class=\"elementor-widget-container\">\n\t\t\t\t\t<div class=\"elementor-shortcode\"><div class=\"wpforms-container wpforms-container-full wpforms-render-modern\" id=\"wpforms-214\"><form id=\"wpforms-form-214\" class=\"wpforms-validate wpforms-form wpforms-ajax-form\" data-formid=\"214\" method=\"post\" enctype=\"multipart\/form-data\" action=\"\/fr\/wp-json\/wp\/v2\/pages\/21\" data-token=\"da3f1b3b29d7c5e500e09a3237b68c82\" data-token-time=\"1775661854\"><noscript class=\"wpforms-error-noscript\">Veuillez activer JavaScript dans votre navigateur pour remplir ce formulaire.<\/noscript><div class=\"wpforms-hidden\" id=\"wpforms-error-noscript\">Veuillez activer JavaScript dans votre navigateur pour remplir ce formulaire.<\/div><div class=\"wpforms-field-container\"><div id=\"wpforms-214-field_0-container\" class=\"wpforms-field wpforms-field-name\" data-field-id=\"0\"><fieldset><legend class=\"wpforms-field-label\">Nom <span class=\"wpforms-required-label\" aria-hidden=\"true\">*<\/span><\/legend><div class=\"wpforms-field-row wpforms-field-large\"><div class=\"wpforms-field-row-block wpforms-first wpforms-one-half\"><input type=\"text\" id=\"wpforms-214-field_0\" class=\"wpforms-field-name-first wpforms-field-required\" name=\"wpforms[fields][0][first]\" aria-errormessage=\"wpforms-214-field_0-error\" required><label for=\"wpforms-214-field_0\" class=\"wpforms-field-sublabel after \">Pr\u00e9nom<\/label><\/div><div class=\"wpforms-field-row-block wpforms-one-half\"><input type=\"text\" id=\"wpforms-214-field_0-last\" class=\"wpforms-field-name-last wpforms-field-required\" name=\"wpforms[fields][0][last]\" aria-errormessage=\"wpforms-214-field_0-last-error\" required><label for=\"wpforms-214-field_0-last\" class=\"wpforms-field-sublabel after \">Nom<\/label><\/div><\/div><\/fieldset><\/div><div id=\"wpforms-214-field_1-container\" class=\"wpforms-field wpforms-field-email\" data-field-id=\"1\"><label class=\"wpforms-field-label\" for=\"wpforms-214-field_1\">E-mail <span class=\"wpforms-required-label\" aria-hidden=\"true\">*<\/span><\/label><input type=\"email\" id=\"wpforms-214-field_1\" class=\"wpforms-field-large wpforms-field-required\" name=\"wpforms[fields][1]\" spellcheck=\"false\" aria-errormessage=\"wpforms-214-field_1-error\" required><\/div><div id=\"wpforms-214-field_3-container\" class=\"wpforms-field wpforms-field-text\" data-field-id=\"3\"><label class=\"wpforms-field-label\" for=\"wpforms-214-field_3\">Num\u00e9ro de t\u00e9l\u00e9phone <span class=\"wpforms-required-label\" aria-hidden=\"true\">*<\/span><\/label><input type=\"text\" id=\"wpforms-214-field_3\" class=\"wpforms-field-large wpforms-field-required\" name=\"wpforms[fields][3]\" aria-errormessage=\"wpforms-214-field_3-error\" required><\/div><div id=\"wpforms-214-field_6-container\" class=\"wpforms-field wpforms-field-radio wpforms-list-3-columns\" data-field-id=\"6\"><fieldset><legend class=\"wpforms-field-label\">D\u00e9partement <span class=\"wpforms-required-label\" aria-hidden=\"true\">*<\/span><\/legend><ul id=\"wpforms-214-field_6\" class=\"wpforms-field-required\"><li class=\"choice-1 depth-1 wpforms-selected\"><input type=\"radio\" id=\"wpforms-214-field_6_1\" name=\"wpforms[fields][6]\" value=\"Construction\" aria-errormessage=\"wpforms-214-field_6_1-error\" required  checked='checked'><label class=\"wpforms-field-label-inline\" for=\"wpforms-214-field_6_1\">Construction<\/label><\/li><li class=\"choice-2 depth-1\"><input type=\"radio\" id=\"wpforms-214-field_6_2\" name=\"wpforms[fields][6]\" value=\"\u00c9lectricit\u00e9\" aria-errormessage=\"wpforms-214-field_6_2-error\" required ><label class=\"wpforms-field-label-inline\" for=\"wpforms-214-field_6_2\">\u00c9lectricit\u00e9<\/label><\/li><\/ul><\/fieldset><\/div><div id=\"wpforms-214-field_4-container\" class=\"wpforms-field wpforms-field-radio wpforms-list-3-columns\" data-field-id=\"4\"><fieldset><legend class=\"wpforms-field-label\">Type de travaux <span class=\"wpforms-required-label\" aria-hidden=\"true\">*<\/span><\/legend><ul id=\"wpforms-214-field_4\" class=\"wpforms-field-required\"><li class=\"choice-1 depth-1 wpforms-selected\"><input type=\"radio\" id=\"wpforms-214-field_4_1\" name=\"wpforms[fields][4]\" value=\"R\u00e9sidentiel\" aria-errormessage=\"wpforms-214-field_4_1-error\" required  checked='checked'><label class=\"wpforms-field-label-inline\" for=\"wpforms-214-field_4_1\">R\u00e9sidentiel<\/label><\/li><li class=\"choice-2 depth-1\"><input type=\"radio\" id=\"wpforms-214-field_4_2\" name=\"wpforms[fields][4]\" value=\"Commercial\" aria-errormessage=\"wpforms-214-field_4_2-error\" required ><label class=\"wpforms-field-label-inline\" for=\"wpforms-214-field_4_2\">Commercial<\/label><\/li><\/ul><\/fieldset><\/div><div id=\"wpforms-214-field_5-container\" class=\"wpforms-field wpforms-field-checkbox wpforms-list-2-columns\" data-field-id=\"5\"><fieldset><legend class=\"wpforms-field-label\">Services<\/legend><ul id=\"wpforms-214-field_5\"><li class=\"choice-1 depth-1\"><input type=\"checkbox\" id=\"wpforms-214-field_5_1\" name=\"wpforms[fields][5][]\" value=\"Remplacement de panneaux \u00e9lectriques\" aria-errormessage=\"wpforms-214-field_5_1-error\"  ><label class=\"wpforms-field-label-inline\" for=\"wpforms-214-field_5_1\">Remplacement de panneaux \u00e9lectriques<\/label><\/li><li class=\"choice-2 depth-1\"><input type=\"checkbox\" id=\"wpforms-214-field_5_2\" name=\"wpforms[fields][5][]\" value=\"Augmentation de la puissance \u00e9lectrique\" aria-errormessage=\"wpforms-214-field_5_2-error\"  ><label class=\"wpforms-field-label-inline\" for=\"wpforms-214-field_5_2\">Augmentation de la puissance \u00e9lectrique<\/label><\/li><li class=\"choice-3 depth-1\"><input type=\"checkbox\" id=\"wpforms-214-field_5_3\" name=\"wpforms[fields][5][]\" value=\"Inspection d\u2019installation \u00e9lectrique\" aria-errormessage=\"wpforms-214-field_5_3-error\"  ><label class=\"wpforms-field-label-inline\" for=\"wpforms-214-field_5_3\">Inspection d\u2019installation \u00e9lectrique<\/label><\/li><li class=\"choice-5 depth-1\"><input type=\"checkbox\" id=\"wpforms-214-field_5_5\" name=\"wpforms[fields][5][]\" value=\"Installation de borne de recharge\" aria-errormessage=\"wpforms-214-field_5_5-error\"  ><label class=\"wpforms-field-label-inline\" for=\"wpforms-214-field_5_5\">Installation de borne de recharge<\/label><\/li><li class=\"choice-6 depth-1\"><input type=\"checkbox\" id=\"wpforms-214-field_5_6\" name=\"wpforms[fields][5][]\" value=\"Branchement spa et piscine\" aria-errormessage=\"wpforms-214-field_5_6-error\"  ><label class=\"wpforms-field-label-inline\" for=\"wpforms-214-field_5_6\">Branchement spa et piscine<\/label><\/li><li class=\"choice-7 depth-1\"><input type=\"checkbox\" id=\"wpforms-214-field_5_7\" name=\"wpforms[fields][5][]\" value=\"Conversion \u00e9clairage DEL\" aria-errormessage=\"wpforms-214-field_5_7-error\"  ><label class=\"wpforms-field-label-inline\" for=\"wpforms-214-field_5_7\">Conversion \u00e9clairage DEL<\/label><\/li><li class=\"choice-8 depth-1\"><input type=\"checkbox\" id=\"wpforms-214-field_5_8\" name=\"wpforms[fields][5][]\" value=\"Agrandissement b\u00e2timent\" aria-errormessage=\"wpforms-214-field_5_8-error\"  ><label class=\"wpforms-field-label-inline\" for=\"wpforms-214-field_5_8\">Agrandissement b\u00e2timent<\/label><\/li><li class=\"choice-9 depth-1\"><input type=\"checkbox\" id=\"wpforms-214-field_5_9\" name=\"wpforms[fields][5][]\" value=\"R\u00e9novation salle de bain, cuisine, sous-sol, etc.\" aria-errormessage=\"wpforms-214-field_5_9-error\"  ><label class=\"wpforms-field-label-inline\" for=\"wpforms-214-field_5_9\">R\u00e9novation salle de bain, cuisine, sous-sol, etc.<\/label><\/li><li class=\"choice-10 depth-1\"><input type=\"checkbox\" id=\"wpforms-214-field_5_10\" name=\"wpforms[fields][5][]\" value=\"Construction de vos installation ext\u00e9rieures\" aria-errormessage=\"wpforms-214-field_5_10-error\"  ><label class=\"wpforms-field-label-inline\" for=\"wpforms-214-field_5_10\">Construction de vos installation ext\u00e9rieures<\/label><\/li><li class=\"choice-11 depth-1\"><input type=\"checkbox\" id=\"wpforms-214-field_5_11\" name=\"wpforms[fields][5][]\" value=\"Installation de portes et fen\u00eatres\" aria-errormessage=\"wpforms-214-field_5_11-error\"  ><label class=\"wpforms-field-label-inline\" for=\"wpforms-214-field_5_11\">Installation de portes et fen\u00eatres<\/label><\/li><li class=\"choice-4 depth-1\"><input type=\"checkbox\" id=\"wpforms-214-field_5_4\" name=\"wpforms[fields][5][]\" value=\"Autres...\" aria-errormessage=\"wpforms-214-field_5_4-error\"  ><label class=\"wpforms-field-label-inline\" for=\"wpforms-214-field_5_4\">Autres...<\/label><\/li><\/ul><\/fieldset><\/div><div id=\"wpforms-214-field_2-container\" class=\"wpforms-field wpforms-field-textarea\" data-field-id=\"2\"><label class=\"wpforms-field-label\" for=\"wpforms-214-field_2\">Description du projet <span class=\"wpforms-required-label\" aria-hidden=\"true\">*<\/span><\/label><textarea id=\"wpforms-214-field_2\" class=\"wpforms-field-medium wpforms-field-required\" name=\"wpforms[fields][2]\" aria-errormessage=\"wpforms-214-field_2-error\" required><\/textarea><\/div><\/div><!-- .wpforms-field-container --><div class=\"wpforms-submit-container\" ><input type=\"hidden\" name=\"wpforms[id]\" value=\"214\"><input type=\"hidden\" name=\"page_title\" value=\"\"><input type=\"hidden\" name=\"page_url\" value=\"https:\/\/renoavero.com\/fr\/wp-json\/wp\/v2\/pages\/21\"><button type=\"submit\" name=\"wpforms[submit]\" id=\"wpforms-submit-214\" class=\"wpforms-submit\" data-alt-text=\"Envoi...\" data-submit-text=\"Envoyer\" aria-live=\"assertive\" value=\"wpforms-submit\">Envoyer<\/button><img decoding=\"async\" src=\"https:\/\/renoavero.com\/fr\/wp-content\/plugins\/wpforms-lite\/assets\/images\/submit-spin.svg\" class=\"wpforms-submit-spinner\" style=\"display: none;\" width=\"26\" height=\"26\" alt=\"Chargement en cours\"><\/div><\/form><\/div>  <!-- .wpforms-container --><\/div>\n\t\t\t\t<\/div>\n\t\t\t\t<\/div>\n\t\t\t\t\t<\/div>\n\t\t\t\t<\/div>\n\t\t\t\t<\/div>\n\t\t","protected":false},"excerpt":{"rendered":"<p>Contactez-nous Pour une demande de prix ou pour toutes autres questions, contactez-nous ! Adresse139 rue Goodfellow, Delson, J5B 1V4450-638-8031\u00a0 ContactsFran\u00e7ois Ayotte \u2013 Entrepreneur g\u00e9n\u00e9ralinfo@renoavero.com514-944-2347 Gabriel Robichaud \u2013 Ma\u00eetre \u00e9lectricienaveroelectrique@gmail.com514-909-9278 Demandez une soumission gratuite D\u00e9crivez-nous votre projet!<\/p>\n","protected":false},"author":2,"featured_media":0,"parent":0,"menu_order":0,"comment_status":"closed","ping_status":"closed","template":"","meta":{"footnotes":""},"aioseo_notices":[],"_links":{"self":[{"href":"https:\/\/renoavero.com\/fr\/wp-json\/wp\/v2\/pages\/21"}],"collection":[{"href":"https:\/\/renoavero.com\/fr\/wp-json\/wp\/v2\/pages"}],"about":[{"href":"https:\/\/renoavero.com\/fr\/wp-json\/wp\/v2\/types\/page"}],"author":[{"embeddable":true,"href":"https:\/\/renoavero.com\/fr\/wp-json\/wp\/v2\/users\/2"}],"replies":[{"embeddable":true,"href":"https:\/\/renoavero.com\/fr\/wp-json\/wp\/v2\/comments?post=21"}],"version-history":[{"count":43,"href":"https:\/\/renoavero.com\/fr\/wp-json\/wp\/v2\/pages\/21\/revisions"}],"predecessor-version":[{"id":676,"href":"https:\/\/renoavero.com\/fr\/wp-json\/wp\/v2\/pages\/21\/revisions\/676"}],"wp:attachment":[{"href":"https:\/\/renoavero.com\/fr\/wp-json\/wp\/v2\/media?parent=21"}],"curies":[{"name":"wp","href":"https:\/\/api.w.org\/{rel}","templated":true}]}}